{"id":67,"date":"2024-11-15T11:35:07","date_gmt":"2024-11-15T11:35:07","guid":{"rendered":"https:\/\/eurosalesman.com.br\/usa\/"},"modified":"2025-02-25T15:39:19","modified_gmt":"2025-02-25T15:39:19","slug":"brazil","status":"publish","type":"page","link":"https:\/\/eurosalesman.com.br\/fr\/","title":{"rendered":"Brazil"},"content":{"rendered":"<div data-elementor-type=\"wp-page\" data-elementor-id=\"67\" class=\"elementor elementor-67\" data-elementor-post-type=\"page\">\n\t\t\t\t<div class=\"elementor-element elementor-element-717ad3f4 e-con-full e-flex e-con e-parent\" data-id=\"717ad3f4\" data-element_type=\"container\" data-e-type=\"container\" data-settings=\"{&quot;background_background&quot;:&quot;classic&quot;}\">\n\t\t<div class=\"elementor-element elementor-element-6f658f87 e-con-full e-flex e-con e-child\" data-id=\"6f658f87\" data-element_type=\"container\" data-e-type=\"container\">\n\t\t\t\t<div class=\"elementor-element elementor-element-7bb4a5fa elementor-widget__width-inherit elementor-widget-divider--view-line elementor-invisible elementor-widget elementor-widget-divider\" data-id=\"7bb4a5fa\" data-element_type=\"widget\" data-e-type=\"widget\" data-settings=\"{&quot;_animation&quot;:&quot;fadeInLeft&quot;}\" data-widget_type=\"divider.default\">\n\t\t\t\t<div class=\"elementor-widget-container\">\n\t\t\t\t\t\t\t<div class=\"elementor-divider\">\n\t\t\t<span class=\"elementor-divider-separator\">\n\t\t\t\t\t\t<\/span>\n\t\t<\/div>\n\t\t\t\t\t\t<\/div>\n\t\t\t\t<\/div>\n\t\t\t\t<div class=\"elementor-element elementor-element-3dca4ff elementor-widget__width-initial elementor-widget-tablet__width-inherit elementor-widget elementor-widget-heading\" data-id=\"3dca4ff\" data-element_type=\"widget\" data-e-type=\"widget\" data-widget_type=\"heading.default\">\n\t\t\t\t<div class=\"elementor-widget-container\">\n\t\t\t\t\t<h1 class=\"elementor-heading-title elementor-size-default\">Br\u00e9sil - D\u00e9bloquer des opportunit\u00e9s sur le plus grand march\u00e9 d'Am\u00e9rique du Sud !<\/h1>\t\t\t\t<\/div>\n\t\t\t\t<\/div>\n\t\t\t\t<div class=\"elementor-element elementor-element-77863d14 elementor-widget__width-initial elementor-widget-tablet__width-inherit elementor-widget elementor-widget-text-editor\" data-id=\"77863d14\" data-element_type=\"widget\" data-e-type=\"widget\" data-widget_type=\"text-editor.default\">\n\t\t\t\t<div class=\"elementor-widget-container\">\n\t\t\t\t\t\t\t\t\t<p>L'\u00e9conomie robuste du Br\u00e9sil, sa culture dynamique et sa base de consommateurs \u00e9tendue en font un march\u00e9 essentiel pour les entreprises qui cherchent \u00e0 prosp\u00e9rer et \u00e0 se d\u00e9velopper en Am\u00e9rique du Sud.<\/p>\t\t\t\t\t\t\t\t<\/div>\n\t\t\t\t<\/div>\n\t\t\t\t<\/div>\n\t\t\t\t<\/div>\n\t\t<div class=\"elementor-element elementor-element-09a78a6 e-con-full e-flex e-con e-parent\" data-id=\"09a78a6\" data-element_type=\"container\" data-e-type=\"container\">\n\t\t<div class=\"elementor-element elementor-element-9694e5b e-con-full e-flex e-con e-child\" data-id=\"9694e5b\" data-element_type=\"container\" data-e-type=\"container\">\n\t\t\t\t<div class=\"elementor-element elementor-element-c33d12b elementor-widget__width-inherit elementor-widget-divider--view-line elementor-invisible elementor-widget elementor-widget-divider\" data-id=\"c33d12b\" data-element_type=\"widget\" data-e-type=\"widget\" data-settings=\"{&quot;_animation&quot;:&quot;fadeInLeft&quot;}\" data-widget_type=\"divider.default\">\n\t\t\t\t<div class=\"elementor-widget-container\">\n\t\t\t\t\t\t\t<div class=\"elementor-divider\">\n\t\t\t<span class=\"elementor-divider-separator\">\n\t\t\t\t\t\t<\/span>\n\t\t<\/div>\n\t\t\t\t\t\t<\/div>\n\t\t\t\t<\/div>\n\t\t\t\t<div class=\"elementor-element elementor-element-308514c elementor-widget__width-initial elementor-widget-tablet__width-inherit elementor-widget elementor-widget-heading\" data-id=\"308514c\" data-element_type=\"widget\" data-e-type=\"widget\" data-widget_type=\"heading.default\">\n\t\t\t\t<div class=\"elementor-widget-container\">\n\t\t\t\t\t<h2 class=\"elementor-heading-title elementor-size-default\">Annonces en vedette<\/h2>\t\t\t\t<\/div>\n\t\t\t\t<\/div>\n\t\t\t\t<div class=\"elementor-element elementor-element-6589add2 elementor-widget__width-initial elementor-widget-tablet__width-inherit elementor-widget elementor-widget-text-editor\" data-id=\"6589add2\" data-element_type=\"widget\" data-e-type=\"widget\" data-widget_type=\"text-editor.default\">\n\t\t\t\t<div class=\"elementor-widget-container\">\n\t\t\t\t\t\t\t\t\t<p>Vous trouverez ci-dessous les entreprises qui ont choisi de pr\u00e9senter leurs marques au Br\u00e9sil, en tirant parti des opportunit\u00e9s uniques et des avantages strat\u00e9giques qu'offre ce march\u00e9 dynamique et influent.<\/p>\t\t\t\t\t\t\t\t<\/div>\n\t\t\t\t<\/div>\n\t\t\t\t<\/div>\n\t\t<div class=\"elementor-element elementor-element-6ceb730 e-con-full e-flex e-con e-child\" data-id=\"6ceb730\" data-element_type=\"container\" data-e-type=\"container\">\n\t\t\t\t<div class=\"elementor-element elementor-element-5e4067d elementor-widget__width-inherit elementor-widget elementor-widget-shortcode\" data-id=\"5e4067d\" data-element_type=\"widget\" data-e-type=\"widget\" data-widget_type=\"shortcode.default\">\n\t\t\t\t<div class=\"elementor-widget-container\">\n\t\t\t\t\t\t\t<div class=\"elementor-shortcode\"><div class=\"myplugin-site-posts-filter\"><form method=\"get\" action=\"\"><label for=\"category-filter\">Filtrer par cat\u00e9gorie :<\/label> <select id=\"category-filter\" name=\"category\" onchange=\"this.form.submit()\"><option value=\"\">Toutes les cat\u00e9gories<\/option><option value=\"professional-services\" >Services professionnels<\/option><option value=\"technology-innovation\" >Technologie et innovation<\/option><option value=\"retail-e-commerce\" >Commerce de d\u00e9tail et commerce \u00e9lectronique<\/option><option value=\"health-wellness\" >Sant\u00e9 et bien-\u00eatre<\/option><option value=\"construction-real-estate\" >Construction et immobilier<\/option><option value=\"finance-insurance\" >Finance et assurance<\/option><option value=\"education-training\" >\u00c9ducation et formation<\/option><option value=\"logistics-manufacturing\" >Logistique et fabrication<\/option><\/select><input type=\"hidden\" name=\"trp-form-language\" value=\"fr\"\/><\/form><\/div><div class=\"myplugin-site-posts\"><p>Aucun poste n'a \u00e9t\u00e9 trouv\u00e9 pour cette cat\u00e9gorie.<\/p><\/div><\/div>\n\t\t\t\t\t\t<\/div>\n\t\t\t\t<\/div>\n\t\t\t\t<\/div>\n\t\t\t\t<\/div>\n\t\t<div class=\"elementor-element elementor-element-19900562 e-con-full e-flex e-con e-parent\" data-id=\"19900562\" data-element_type=\"container\" data-e-type=\"container\" data-settings=\"{&quot;background_background&quot;:&quot;classic&quot;}\">\n\t\t<div class=\"elementor-element elementor-element-2f7e329d e-con-full e-flex e-con e-child\" data-id=\"2f7e329d\" data-element_type=\"container\" data-e-type=\"container\">\n\t\t\t\t<div class=\"elementor-element elementor-element-4d09594e elementor-invisible elementor-widget elementor-widget-heading\" data-id=\"4d09594e\" data-element_type=\"widget\" data-e-type=\"widget\" data-settings=\"{&quot;_animation&quot;:&quot;fadeIn&quot;}\" data-widget_type=\"heading.default\">\n\t\t\t\t<div class=\"elementor-widget-container\">\n\t\t\t\t\t<h2 class=\"elementor-heading-title elementor-size-default\">Vous voulez donner un coup de fouet \u00e0 votre entreprise d\u00e8s aujourd'hui ?<\/h2>\t\t\t\t<\/div>\n\t\t\t\t<\/div>\n\t\t\t\t<div class=\"elementor-element elementor-element-2087e215 elementor-widget elementor-widget-text-editor\" data-id=\"2087e215\" data-element_type=\"widget\" data-e-type=\"widget\" data-settings=\"{&quot;_animation&quot;:&quot;none&quot;}\" data-widget_type=\"text-editor.default\">\n\t\t\t\t<div class=\"elementor-widget-container\">\n\t\t\t\t\t\t\t\t\t<p>Contactez-nous d\u00e8s aujourd'hui pour savoir comment nous pouvons vous aider \u00e0 atteindre vos objectifs marketing avec pr\u00e9cision et confiance.<\/p>\t\t\t\t\t\t\t\t<\/div>\n\t\t\t\t<\/div>\n\t\t\t\t<div class=\"elementor-element elementor-element-77cc7dba elementor-align-justify elementor-widget__width-initial elementor-widget elementor-widget-button\" data-id=\"77cc7dba\" data-element_type=\"widget\" data-e-type=\"widget\" data-widget_type=\"button.default\">\n\t\t\t\t<div class=\"elementor-widget-container\">\n\t\t\t\t\t\t\t\t\t<div class=\"elementor-button-wrapper\">\n\t\t\t\t\t<a class=\"elementor-button elementor-size-sm\" role=\"button\">\n\t\t\t\t\t\t<span class=\"elementor-button-content-wrapper\">\n\t\t\t\t\t\t\t\t\t<span class=\"elementor-button-text\">nous contacter<\/span>\n\t\t\t\t\t<\/span>\n\t\t\t\t\t<\/a>\n\t\t\t\t<\/div>\n\t\t\t\t\t\t\t\t<\/div>\n\t\t\t\t<\/div>\n\t\t\t\t<\/div>\n\t\t<div class=\"elementor-element elementor-element-4ddd4cf8 e-con-full e-flex e-con e-child\" data-id=\"4ddd4cf8\" data-element_type=\"container\" data-e-type=\"container\" data-settings=\"{&quot;background_background&quot;:&quot;classic&quot;}\">\n\t\t\t\t<\/div>\n\t\t\t\t<\/div>\n\t\t\t\t<\/div>","protected":false},"excerpt":{"rendered":"<p>Brazil &#8211; Unlock Opportunities in South America\u2019s Largest Market! Brazil\u2019s robust economy, vibrant culture, and expansive consumer base make it an essential market for businesses looking to thrive and grow in South America. Featured Ads Below are the companies that have chosen to showcase their brands in Brazil, leveraging the unique opportunities and strategic advantages [&hellip;]<\/p>","protected":false},"author":3,"featured_media":0,"parent":0,"menu_order":0,"comment_status":"closed","ping_status":"closed","template":"elementor_header_footer","meta":{"footnotes":""},"class_list":["post-67","page","type-page","status-publish","hentry"],"_links":{"self":[{"href":"https:\/\/eurosalesman.com.br\/fr\/wp-json\/wp\/v2\/pages\/67","targetHints":{"allow":["GET"]}}],"collection":[{"href":"https:\/\/eurosalesman.com.br\/fr\/wp-json\/wp\/v2\/pages"}],"about":[{"href":"https:\/\/eurosalesman.com.br\/fr\/wp-json\/wp\/v2\/types\/page"}],"author":[{"embeddable":true,"href":"https:\/\/eurosalesman.com.br\/fr\/wp-json\/wp\/v2\/users\/3"}],"replies":[{"embeddable":true,"href":"https:\/\/eurosalesman.com.br\/fr\/wp-json\/wp\/v2\/comments?post=67"}],"version-history":[{"count":14,"href":"https:\/\/eurosalesman.com.br\/fr\/wp-json\/wp\/v2\/pages\/67\/revisions"}],"predecessor-version":[{"id":138,"href":"https:\/\/eurosalesman.com.br\/fr\/wp-json\/wp\/v2\/pages\/67\/revisions\/138"}],"wp:attachment":[{"href":"https:\/\/eurosalesman.com.br\/fr\/wp-json\/wp\/v2\/media?parent=67"}],"curies":[{"name":"wp","href":"https:\/\/api.w.org\/{rel}","templated":true}]}}